{"id":26615,"date":"2022-05-23T04:30:31","date_gmt":"2022-05-23T09:30:31","guid":{"rendered":"https:\/\/astridcerna.com\/?page_id=26615"},"modified":"2023-02-07T10:03:29","modified_gmt":"2023-02-07T15:03:29","slug":"terminos-y-condiciones","status":"publish","type":"page","link":"https:\/\/astridcerna.com\/academy\/terminos-y-condiciones\/","title":{"rendered":"T\u00e9rminos y Condiciones"},"content":{"rendered":"\t\t<div data-elementor-type=\"wp-page\" data-elementor-id=\"26615\" class=\"elementor elementor-26615\">\n\t\t\t\t\t\t<section class=\"elementor-section elementor-top-section elementor-element elementor-element-3a8509a elementor-section-boxed elementor-section-height-default elementor-section-height-default\" data-id=\"3a8509a\" data-element_type=\"section\" data-e-type=\"section\">\n\t\t\t\t\t\t<div class=\"elementor-container elementor-column-gap-default\">\n\t\t\t\t\t<div class=\"elementor-column elementor-col-100 elementor-top-column elementor-element elementor-element-4cadd53\" data-id=\"4cadd53\" data-element_type=\"column\" data-e-type=\"column\">\n\t\t\t<div class=\"elementor-widget-wrap elementor-element-populated\">\n\t\t\t\t\t\t<div class=\"elementor-element elementor-element-6d8a242 elementor-widget elementor-widget-heading\" data-id=\"6d8a242\" data-element_type=\"widget\" data-e-type=\"widget\" data-widget_type=\"heading.default\">\n\t\t\t\t<div class=\"elementor-widget-container\">\n\t\t\t\t\t<h2 class=\"elementor-heading-title elementor-size-default\">Condiciones de Env\u00edo y entrega de cosm\u00e9ticos<\/h2>\t\t\t\t<\/div>\n\t\t\t\t<\/div>\n\t\t\t\t\t<\/div>\n\t\t<\/div>\n\t\t\t\t\t<\/div>\n\t\t<\/section>\n\t\t\t\t<section class=\"elementor-section elementor-top-section elementor-element elementor-element-102eac9 elementor-section-boxed elementor-section-height-default elementor-section-height-default\" data-id=\"102eac9\" data-element_type=\"section\" data-e-type=\"section\">\n\t\t\t\t\t\t<div class=\"elementor-container elementor-column-gap-default\">\n\t\t\t\t\t<div class=\"elementor-column elementor-col-100 elementor-top-column elementor-element elementor-element-fea8510\" data-id=\"fea8510\" data-element_type=\"column\" data-e-type=\"column\">\n\t\t\t<div class=\"elementor-widget-wrap elementor-element-populated\">\n\t\t\t\t\t\t<section class=\"elementor-section elementor-inner-section elementor-element elementor-element-30b4676 elementor-section-boxed elementor-section-height-default elementor-section-height-default\" data-id=\"30b4676\" data-element_type=\"section\" data-e-type=\"section\">\n\t\t\t\t\t\t<div class=\"elementor-container elementor-column-gap-default\">\n\t\t\t\t\t<div class=\"elementor-column elementor-col-100 elementor-inner-column elementor-element elementor-element-f0daa0c\" data-id=\"f0daa0c\" data-element_type=\"column\" data-e-type=\"column\">\n\t\t\t<div class=\"elementor-widget-wrap elementor-element-populated\">\n\t\t\t\t\t\t<div class=\"elementor-element elementor-element-90fe7b4 elementor-widget elementor-widget-text-editor\" data-id=\"90fe7b4\" data-element_type=\"widget\" data-e-type=\"widget\" data-widget_type=\"text-editor.default\">\n\t\t\t\t<div class=\"elementor-widget-container\">\n\t\t\t\t\t\t\t\t\t<ul>\n<li>Ofrecemos env\u00edos a todo el Per\u00fa. <span style=\"text-decoration: underline;\"><strong>No se realizar\u00e1n env\u00edos fuera del Per\u00fa.<\/strong><\/span><\/li>\n<li>El c\u00e1lculo del costo de env\u00edo se realizar\u00e1 de manera personalizada via WhatsApp con nuestra ejecutiva de ventas de tienda de maquillaje al siguiente n\u00famero: +51 941 030 345.<\/li>\n<li>Los env\u00edos se realizar\u00e1n a trav\u00e9s de Olva Courier. Se realizar\u00e1 el pago del env\u00edo con anticipaci\u00f3n. Si el cliente desea que se realice el env\u00edo mediante otro medio se realizar\u00e1 el pago adicional del delivery para llevar a la agencia escogida.<\/li>\n<li>Los pagos realizados no son reembolsables. En caso no se encuentre alg\u00fan producto en stock y ya se haya realizado el pago, el saldo a favor se considerar\u00e1 para la siguiente compra o se podr\u00e1 realizar el cambio por otro producto de igual precio. Si el precio del producto a cambiar es mayor, se tendr\u00e1 que hacer el pago del saldo pendiente.<\/li>\n<li>Los env\u00edos se pueden realizar a domicilio o a la agencia m\u00e1s cercana de la ciudad donde se encuentre el cliente. Esto se determina previa coordinaci\u00f3n con la ejecutiva de ventas de tienda de maquillaje y tambi\u00e9n est\u00e1 sujeto a las pol\u00edticas de env\u00edos de la agencia OLVA Courier<\/li>\n<li>El tiempo de llegada del producto estar\u00e1 sujeto a las pol\u00edticas y tiempos de env\u00edo de la agencia Olva Courier.<br><\/li>\n<\/ul>\t\t\t\t\t\t\t\t<\/div>\n\t\t\t\t<\/div>\n\t\t\t\t\t<\/div>\n\t\t<\/div>\n\t\t\t\t\t<\/div>\n\t\t<\/section>\n\t\t\t\t\t<\/div>\n\t\t<\/div>\n\t\t\t\t\t<\/div>\n\t\t<\/section>\n\t\t\t\t<section class=\"elementor-section elementor-top-section elementor-element elementor-element-8a34302 elementor-section-boxed elementor-section-height-default elementor-section-height-default\" data-id=\"8a34302\" data-element_type=\"section\" data-e-type=\"section\">\n\t\t\t\t\t\t<div class=\"elementor-container elementor-column-gap-default\">\n\t\t\t\t\t<div class=\"elementor-column elementor-col-100 elementor-top-column elementor-element elementor-element-eaceef3\" data-id=\"eaceef3\" data-element_type=\"column\" data-e-type=\"column\">\n\t\t\t<div class=\"elementor-widget-wrap elementor-element-populated\">\n\t\t\t\t\t\t<div class=\"elementor-element elementor-element-37a6e6a elementor-widget elementor-widget-heading\" data-id=\"37a6e6a\" data-element_type=\"widget\" data-e-type=\"widget\" data-widget_type=\"heading.default\">\n\t\t\t\t<div class=\"elementor-widget-container\">\n\t\t\t\t\t<h2 class=\"elementor-heading-title elementor-size-default\">Condiciones de Cursos Online<\/h2>\t\t\t\t<\/div>\n\t\t\t\t<\/div>\n\t\t\t\t\t<\/div>\n\t\t<\/div>\n\t\t\t\t\t<\/div>\n\t\t<\/section>\n\t\t\t\t<section class=\"elementor-section elementor-top-section elementor-element elementor-element-af6aa18 elementor-section-boxed elementor-section-height-default elementor-section-height-default\" data-id=\"af6aa18\" data-element_type=\"section\" data-e-type=\"section\">\n\t\t\t\t\t\t<div class=\"elementor-container elementor-column-gap-default\">\n\t\t\t\t\t<div class=\"elementor-column elementor-col-100 elementor-top-column elementor-element elementor-element-9345fdb\" data-id=\"9345fdb\" data-element_type=\"column\" data-e-type=\"column\">\n\t\t\t<div class=\"elementor-widget-wrap elementor-element-populated\">\n\t\t\t\t\t\t<section class=\"elementor-section elementor-inner-section elementor-element elementor-element-0675227 elementor-section-boxed elementor-section-height-default elementor-section-height-default\" data-id=\"0675227\" data-element_type=\"section\" data-e-type=\"section\">\n\t\t\t\t\t\t<div class=\"elementor-container elementor-column-gap-default\">\n\t\t\t\t\t<div class=\"elementor-column elementor-col-100 elementor-inner-column elementor-element elementor-element-09a6dd3\" data-id=\"09a6dd3\" data-element_type=\"column\" data-e-type=\"column\">\n\t\t\t<div class=\"elementor-widget-wrap elementor-element-populated\">\n\t\t\t\t\t\t<div class=\"elementor-element elementor-element-43ffe29 elementor-widget elementor-widget-text-editor\" data-id=\"43ffe29\" data-element_type=\"widget\" data-e-type=\"widget\" data-widget_type=\"text-editor.default\">\n\t\t\t\t<div class=\"elementor-widget-container\">\n\t\t\t\t\t\t\t\t\t<ul>\n<li><span style=\"color: var( --e-global-color-text ); font-family: var( --e-global-typography-text-font-family ), Sans-serif;\"><b><u>Los pagos realizados no son reembolsables.<\/u><\/b><\/span><span style=\"color: var( --e-global-color-text ); font-family: var( --e-global-typography-text-font-family ), Sans-serif; font-weight: var( --e-global-typography-text-font-weight );\"> En caso de haber realizado pagos por cursos incluidos en otros paquetes, quedar\u00e1 como saldo a favor para los siguientes niveles de cursos. En caso se haya realizado un pago doble por alg\u00fan curso o paquete, quedar\u00e1 como saldo a favor para su siguiente curso.<\/span><br><\/li>\n<li>La asesor\u00eda se brinda exclusivamente v\u00eda WhatsApp. En caso de escoger la opci\u00f3n de ser evaluado, los trabajos pr\u00e1cticos ser\u00e1n enviados por esta v\u00eda, asimismo se revisar\u00e1n de acuerdo a las indicaciones de la docente.<\/li>\n<li>La duraci\u00f3n de los cursos depender\u00e1 del paquete a escoger los cuales pueden ser 30 d\u00edas o 45 d\u00edas. Una vez comprado el curso y contar con los accesos para ingresar a la plataforma no se podr\u00e1 interrumpir el acceso ya que la duraci\u00f3n es en d\u00edas consecutivos.<\/li>\n\n<\/ul>\t\t\t\t\t\t\t\t<\/div>\n\t\t\t\t<\/div>\n\t\t\t\t\t<\/div>\n\t\t<\/div>\n\t\t\t\t\t<\/div>\n\t\t<\/section>\n\t\t\t\t\t<\/div>\n\t\t<\/div>\n\t\t\t\t\t<\/div>\n\t\t<\/section>\n\t\t\t\t<section class=\"elementor-section elementor-top-section elementor-element elementor-element-3c47b34 elementor-section-boxed elementor-section-height-default elementor-section-height-default\" data-id=\"3c47b34\" data-element_type=\"section\" data-e-type=\"section\">\n\t\t\t\t\t\t<div class=\"elementor-container elementor-column-gap-default\">\n\t\t\t\t\t<div class=\"elementor-column elementor-col-100 elementor-top-column elementor-element elementor-element-97d2340\" data-id=\"97d2340\" data-element_type=\"column\" data-e-type=\"column\">\n\t\t\t<div class=\"elementor-widget-wrap elementor-element-populated\">\n\t\t\t\t\t\t<div class=\"elementor-element elementor-element-a0f00c1 elementor-widget elementor-widget-heading\" data-id=\"a0f00c1\" data-element_type=\"widget\" data-e-type=\"widget\" data-widget_type=\"heading.default\">\n\t\t\t\t<div class=\"elementor-widget-container\">\n\t\t\t\t\t<h2 class=\"elementor-heading-title elementor-size-default\">Gesti\u00f3n de Pagos<\/h2>\t\t\t\t<\/div>\n\t\t\t\t<\/div>\n\t\t\t\t\t<\/div>\n\t\t<\/div>\n\t\t\t\t\t<\/div>\n\t\t<\/section>\n\t\t\t\t<section class=\"elementor-section elementor-top-section elementor-element elementor-element-9ff4319 elementor-section-boxed elementor-section-height-default elementor-section-height-default\" data-id=\"9ff4319\" data-element_type=\"section\" data-e-type=\"section\">\n\t\t\t\t\t\t<div class=\"elementor-container elementor-column-gap-default\">\n\t\t\t\t\t<div class=\"elementor-column elementor-col-100 elementor-top-column elementor-element elementor-element-5746b36\" data-id=\"5746b36\" data-element_type=\"column\" data-e-type=\"column\">\n\t\t\t<div class=\"elementor-widget-wrap elementor-element-populated\">\n\t\t\t\t\t\t<section class=\"elementor-section elementor-inner-section elementor-element elementor-element-ad7cecc elementor-section-boxed elementor-section-height-default elementor-section-height-default\" data-id=\"ad7cecc\" data-element_type=\"section\" data-e-type=\"section\">\n\t\t\t\t\t\t<div class=\"elementor-container elementor-column-gap-default\">\n\t\t\t\t\t<div class=\"elementor-column elementor-col-100 elementor-inner-column elementor-element elementor-element-b543869\" data-id=\"b543869\" data-element_type=\"column\" data-e-type=\"column\">\n\t\t\t<div class=\"elementor-widget-wrap elementor-element-populated\">\n\t\t\t\t\t\t<div class=\"elementor-element elementor-element-89c9a12 elementor-widget elementor-widget-text-editor\" data-id=\"89c9a12\" data-element_type=\"widget\" data-e-type=\"widget\" data-widget_type=\"text-editor.default\">\n\t\t\t\t<div class=\"elementor-widget-container\">\n\t\t\t\t\t\t\t\t\t<p>Los servicios de gesti\u00f3n de pagos permiten a esta p\u00e1gina web procesar pagos por tarjeta de cr\u00e9dito, transferencia bancaria o por otros medios. A fin de garantizar una mayor seguridad, esta p\u00e1gina web s\u00f3lo comparte con los intermediarios financieros que gestionan este sistema de pago solo la informaci\u00f3n necesaria para realizar la transacci\u00f3n.<\/p><p>Algunos de estos servicios tambi\u00e9n pueden permitir el env\u00edo de mensajes programados al Usuario, como correos electr\u00f3nicos con facturas adjuntas u otras notificaciones relativas al pago.<\/p><p><strong><span style=\"color: #222222;\">PayPal (Paypal)<\/span><\/strong><\/p><ul><li>PayPal es un servicio de pagos prestado por PayPal Inc., que permite a los Usuarios realizar pagos online.<\/li><li>Datos Personales tratados: distintas clases de Datos, seg\u00fan se especifica en la Pol\u00edtica de Privacidad del servicio.<\/li><li>Lugar de tratamiento: Consulte la pol\u00edtica de privacidad de PayPal \u2013 <a href=\"https:\/\/www.paypal.com\/myaccount\/privacy\/privacyhub\" target=\"_blank\" rel=\"noopener\">Pol\u00edtica de privacidad.<\/a><\/li><\/ul><p><strong><span style=\"color: #222222;\">OpenPay<\/span><\/strong><\/p><ul><li>OpenPay es un servicio de pagos prestado por OPENPAY PER\u00da S.A.<\/li><li>Datos Personales tratados: distintas clases de Datos, seg\u00fan se especifica en la Pol\u00edtica de Privacidad del servicio.<\/li><li>Lugar de tratamiento: Per\u00fa &#8211;\u00a0<a href=\"https:\/\/www.openpay.pe\/terminos-condiciones\/#uso-de-los-servicios-de-Openpay\" target=\"_blank\" rel=\"noopener\">Politica de Privacidad<\/a><\/li><\/ul>\t\t\t\t\t\t\t\t<\/div>\n\t\t\t\t<\/div>\n\t\t\t\t\t<\/div>\n\t\t<\/div>\n\t\t\t\t\t<\/div>\n\t\t<\/section>\n\t\t\t\t\t<\/div>\n\t\t<\/div>\n\t\t\t\t\t<\/div>\n\t\t<\/section>\n\t\t\t\t<\/div>\n\t\t","protected":false},"excerpt":{"rendered":"<p>Condiciones de Env\u00edo y entrega de cosm\u00e9ticos Ofrecemos env\u00edos a todo el Per\u00fa. No se realizar\u00e1n env\u00edos fuera del Per\u00fa. El c\u00e1lculo del costo de env\u00edo se realizar\u00e1 de manera personalizada via WhatsApp con nuestra ejecutiva de ventas de tienda de maquillaje al siguiente n\u00famero: +51 941 030 345. Los env\u00edos se realizar\u00e1n a trav\u00e9s [&hellip;]<\/p>\n","protected":false},"author":2,"featured_media":0,"parent":0,"menu_order":0,"comment_status":"closed","ping_status":"closed","template":"","meta":{"rs_blank_template":"","rs_page_bg_color":"","slide_template_v7":"","_joinchat":{"telephone":"+51950721075"},"footnotes":""},"class_list":["post-26615","page","type-page","status-publish","hentry"],"_links":{"self":[{"href":"https:\/\/astridcerna.com\/academy\/wp-json\/wp\/v2\/pages\/26615","targetHints":{"allow":["GET"]}}],"collection":[{"href":"https:\/\/astridcerna.com\/academy\/wp-json\/wp\/v2\/pages"}],"about":[{"href":"https:\/\/astridcerna.com\/academy\/wp-json\/wp\/v2\/types\/page"}],"author":[{"embeddable":true,"href":"https:\/\/astridcerna.com\/academy\/wp-json\/wp\/v2\/users\/2"}],"replies":[{"embeddable":true,"href":"https:\/\/astridcerna.com\/academy\/wp-json\/wp\/v2\/comments?post=26615"}],"version-history":[{"count":0,"href":"https:\/\/astridcerna.com\/academy\/wp-json\/wp\/v2\/pages\/26615\/revisions"}],"wp:attachment":[{"href":"https:\/\/astridcerna.com\/academy\/wp-json\/wp\/v2\/media?parent=26615"}],"curies":[{"name":"wp","href":"https:\/\/api.w.org\/{rel}","templated":true}]}}