{"id":27453,"date":"2022-05-27T12:35:26","date_gmt":"2022-05-27T17:35:26","guid":{"rendered":"https:\/\/astridcerna.com\/?post_type=product&#038;p=27453"},"modified":"2025-02-06T23:54:43","modified_gmt":"2025-02-07T04:54:43","slug":"curso-maquillaje-profesional-piel-madura-pack","status":"publish","type":"product","link":"https:\/\/astridcerna.com\/academy\/curso-maquillaje-profesional-piel-madura-pack\/","title":{"rendered":"Curso Maquillaje Profesional Piel Madura Pack"},"content":{"rendered":"<h2>Curso Maquillaje Profesional Piel Madura Pack<\/h2>\n<h3>Curso Maquillaje Piel Madura<\/h3>\n<h3>Curso Introducci\u00f3n al Maquillaje<\/h3>\n<p>Una manera f\u00e1cil de iniciarse en el maquillaje. En Introducci\u00f3n al Maquillaje aprender\u00e1s conocimientos b\u00e1sicos para convertirte en una profesional.<\/p>\n","protected":false},"excerpt":{"rendered":"<p>Curso Maquillaje Profesional Piel Madura Pack Curso Maquillaje Piel Madura Curso Introducci\u00f3n al Maquillaje Una manera f\u00e1cil de iniciarse en el maquillaje. En Introducci\u00f3n al Maquillaje aprender\u00e1s conocimientos b\u00e1sicos para convertirte en una profesional.<\/p>\n","protected":false},"featured_media":27454,"comment_status":"open","ping_status":"closed","template":"","meta":{"rs_blank_template":"","rs_page_bg_color":"","slide_template_v7":"","_joinchat":[]},"product_brand":[],"product_cat":[15],"product_tag":[],"class_list":{"0":"post-27453","1":"product","2":"type-product","3":"status-publish","4":"has-post-thumbnail","6":"product_cat-cursos-maquillaje","8":"first","9":"instock","10":"sale","11":"sold-individually","12":"shipping-taxable","13":"purchasable","14":"product-type-woosb"},"_links":{"self":[{"href":"https:\/\/astridcerna.com\/academy\/wp-json\/wp\/v2\/product\/27453","targetHints":{"allow":["GET"]}}],"collection":[{"href":"https:\/\/astridcerna.com\/academy\/wp-json\/wp\/v2\/product"}],"about":[{"href":"https:\/\/astridcerna.com\/academy\/wp-json\/wp\/v2\/types\/product"}],"replies":[{"embeddable":true,"href":"https:\/\/astridcerna.com\/academy\/wp-json\/wp\/v2\/comments?post=27453"}],"wp:featuredmedia":[{"embeddable":true,"href":"https:\/\/astridcerna.com\/academy\/wp-json\/wp\/v2\/media\/27454"}],"wp:attachment":[{"href":"https:\/\/astridcerna.com\/academy\/wp-json\/wp\/v2\/media?parent=27453"}],"wp:term":[{"taxonomy":"product_brand","embeddable":true,"href":"https:\/\/astridcerna.com\/academy\/wp-json\/wp\/v2\/product_brand?post=27453"},{"taxonomy":"product_cat","embeddable":true,"href":"https:\/\/astridcerna.com\/academy\/wp-json\/wp\/v2\/product_cat?post=27453"},{"taxonomy":"product_tag","embeddable":true,"href":"https:\/\/astridcerna.com\/academy\/wp-json\/wp\/v2\/product_tag?post=27453"}],"curies":[{"name":"wp","href":"https:\/\/api.w.org\/{rel}","templated":true}]}}